{"id":2139,"date":"2020-01-26T19:57:16","date_gmt":"2020-01-26T17:57:16","guid":{"rendered":"https:\/\/epood.tantsukalender.ee\/toode\/cork-wallet-for-women-red\/"},"modified":"2022-02-05T14:31:38","modified_gmt":"2022-02-05T12:31:38","slug":"cork-wallet-for-women-red","status":"publish","type":"product","link":"https:\/\/www.kingisalong.ee\/en\/product\/cork-wallet-for-women-red\/","title":{"rendered":"Cork wallet for women (red)"},"content":{"rendered":"","protected":false},"excerpt":{"rendered":"<p><strong>Cork wallet<\/strong> &#8211; an environmentally friendly and practical choice. The wallet has 12 card pockets, 1 paper money pockets, and 1 zippered coin pocket. Closable by press stud.<\/p>\n<p>Colour: red<br \/>\nMeasurements: 20 \u00d7 11 \u00d7 2.5 cm<br \/>\nWeight: 105 g<br \/>\nCare: wet cloth, natural soap<\/p>\n<p>Handmade in Portugal. Loved all over the world.<\/p>\n<p>Certificates: FSC, PETA; read more <a href=\"https:\/\/www.kingisalong.ee\/en\/faq\/#what-do-fsc-and-peta-certificates-show\">\u201eWhat do FSC and PETA certificates show?\u201c<\/a><\/p>\n<p><strong>Cork characteristics:<\/strong><br \/>\n\u2013 natural material, read more <a href=\"https:\/\/www.kingisalong.ee\/en\/what-is-cork\/\">\u201eWhat is cork?<\/a>\u201c<br \/>\n\u2013 lightweight and elastic<br \/>\n\u2013 durable, scratch resistent; read more <a href=\"https:\/\/www.kingisalong.ee\/en\/faq\/#how-durable-are-cork-bags\">\u201eHow durable are cork bags?\u201c<\/a><br \/>\n\u2013 waterproof<br \/>\n\u2013 easy to clean<br \/>\n\u2013 recyclable<\/p>\n<p>Each wallet is exclusive because the shade, texture, and pattern of the cork are unique. There are no two identical products.<\/p>\n","protected":false},"featured_media":4738,"template":"","meta":{"_acf_changed":false},"product_cat":[144,42],"product_tag":[252],"class_list":{"0":"post-2139","1":"product","2":"type-product","3":"status-publish","4":"has-post-thumbnail","6":"product_cat-wallets","7":"product_cat-bags","8":"product_tag-red-en-2","9":"receiver-for-a-woman","10":"occasion-anniversary","11":"occasion-birthday","12":"occasion-christmas","13":"occasion-company-anniversary","14":"occasion-graduation","15":"occasion-mothers-day","16":"occasion-valentines-day","17":"occasion-work-anniversary","18":"tm-has-options","20":"first","21":"instock","22":"taxable","23":"shipping-taxable","24":"purchasable","25":"product-type-simple"},"acf":[],"yoast_head":"<!-- This site is optimized with the Yoast SEO plugin v24.1 - https:\/\/yoast.com\/wordpress\/plugins\/seo\/ -->\n<title>Cork wallet for women, red - Kingisalong<\/title>\n<meta name=\"description\" content=\"An environmentally friendly and practical choice. The wallet has 12 card pockets, 1 paper money pockets, and 1 zippered coin pocket. Closable by press stud.\" \/>\n<meta name=\"robots\" content=\"index, follow, max-snippet:-1, max-image-preview:large, max-video-preview:-1\" \/>\n<link rel=\"canonical\" href=\"https:\/\/www.kingisalong.ee\/product\/korgist-rahakott-naistele-punane\/\" \/>\n<meta property=\"og:locale\" content=\"en_US\" \/>\n<meta property=\"og:type\" content=\"article\" \/>\n<meta property=\"og:title\" content=\"Cork wallet for women, red - Kingisalong\" \/>\n<meta property=\"og:description\" content=\"An environmentally friendly and practical choice. The wallet has 12 card pockets, 1 paper money pockets, and 1 zippered coin pocket. Closable by press stud.\" \/>\n<meta property=\"og:url\" content=\"https:\/\/www.kingisalong.ee\/product\/korgist-rahakott-naistele-punane\/\" \/>\n<meta property=\"og:site_name\" content=\"Kingisalong\" \/>\n<meta property=\"article:modified_time\" content=\"2022-02-05T12:31:38+00:00\" \/>\n<meta property=\"og:image\" content=\"https:\/\/www.kingisalong.ee\/wp-content\/uploads\/2020\/01\/Punane-rahakott-t\u00f6\u00f6deldud-v\u00e4hem-punaseks.jpg\" \/>\n\t<meta property=\"og:image:width\" content=\"600\" \/>\n\t<meta property=\"og:image:height\" content=\"600\" \/>\n\t<meta property=\"og:image:type\" content=\"image\/jpeg\" \/>\n<meta name=\"twitter:card\" content=\"summary_large_image\" \/>\n<script type=\"application\/ld+json\" class=\"yoast-schema-graph\">{\"@context\":\"https:\/\/schema.org\",\"@graph\":[{\"@type\":\"WebPage\",\"@id\":\"https:\/\/www.kingisalong.ee\/product\/korgist-rahakott-naistele-punane\/\",\"url\":\"https:\/\/www.kingisalong.ee\/product\/korgist-rahakott-naistele-punane\/\",\"name\":\"Cork wallet for women, red - Kingisalong\",\"isPartOf\":{\"@id\":\"https:\/\/www.kingisalong.ee\/#website\"},\"primaryImageOfPage\":{\"@id\":\"https:\/\/www.kingisalong.ee\/product\/korgist-rahakott-naistele-punane\/#primaryimage\"},\"image\":{\"@id\":\"https:\/\/www.kingisalong.ee\/product\/korgist-rahakott-naistele-punane\/#primaryimage\"},\"thumbnailUrl\":\"https:\/\/www.kingisalong.ee\/wp-content\/uploads\/2020\/01\/Punane-rahakott-t\u00f6\u00f6deldud-v\u00e4hem-punaseks.jpg\",\"datePublished\":\"2020-01-26T17:57:16+00:00\",\"dateModified\":\"2022-02-05T12:31:38+00:00\",\"description\":\"An environmentally friendly and practical choice. The wallet has 12 card pockets, 1 paper money pockets, and 1 zippered coin pocket. Closable by press stud.\",\"breadcrumb\":{\"@id\":\"https:\/\/www.kingisalong.ee\/product\/korgist-rahakott-naistele-punane\/#breadcrumb\"},\"inLanguage\":\"en-US\",\"potentialAction\":[{\"@type\":\"ReadAction\",\"target\":[\"https:\/\/www.kingisalong.ee\/product\/korgist-rahakott-naistele-punane\/\"]}]},{\"@type\":\"ImageObject\",\"inLanguage\":\"en-US\",\"@id\":\"https:\/\/www.kingisalong.ee\/product\/korgist-rahakott-naistele-punane\/#primaryimage\",\"url\":\"https:\/\/www.kingisalong.ee\/wp-content\/uploads\/2020\/01\/Punane-rahakott-t\u00f6\u00f6deldud-v\u00e4hem-punaseks.jpg\",\"contentUrl\":\"https:\/\/www.kingisalong.ee\/wp-content\/uploads\/2020\/01\/Punane-rahakott-t\u00f6\u00f6deldud-v\u00e4hem-punaseks.jpg\",\"width\":600,\"height\":600},{\"@type\":\"BreadcrumbList\",\"@id\":\"https:\/\/www.kingisalong.ee\/product\/korgist-rahakott-naistele-punane\/#breadcrumb\",\"itemListElement\":[{\"@type\":\"ListItem\",\"position\":1,\"name\":\"Home\",\"item\":\"https:\/\/www.kingisalong.ee\/en\/\"},{\"@type\":\"ListItem\",\"position\":2,\"name\":\"Shop\",\"item\":\"https:\/\/www.kingisalong.ee\/en\/shop\/\"},{\"@type\":\"ListItem\",\"position\":3,\"name\":\"Cork wallet for women (red)\"}]},{\"@type\":\"WebSite\",\"@id\":\"https:\/\/www.kingisalong.ee\/#website\",\"url\":\"https:\/\/www.kingisalong.ee\/\",\"name\":\"Kingisalong\",\"description\":\"Kingisalong\",\"publisher\":{\"@id\":\"https:\/\/www.kingisalong.ee\/#organization\"},\"potentialAction\":[{\"@type\":\"SearchAction\",\"target\":{\"@type\":\"EntryPoint\",\"urlTemplate\":\"https:\/\/www.kingisalong.ee\/?s={search_term_string}\"},\"query-input\":{\"@type\":\"PropertyValueSpecification\",\"valueRequired\":true,\"valueName\":\"search_term_string\"}}],\"inLanguage\":\"en-US\"},{\"@type\":\"Organization\",\"@id\":\"https:\/\/www.kingisalong.ee\/#organization\",\"name\":\"Kingisalong\",\"url\":\"https:\/\/www.kingisalong.ee\/\",\"logo\":{\"@type\":\"ImageObject\",\"inLanguage\":\"en-US\",\"@id\":\"https:\/\/www.kingisalong.ee\/#\/schema\/logo\/image\/\",\"url\":\"https:\/\/www.kingisalong.ee\/wp-content\/uploads\/2020\/07\/kingisalong-logo-valge-205.png\",\"contentUrl\":\"https:\/\/www.kingisalong.ee\/wp-content\/uploads\/2020\/07\/kingisalong-logo-valge-205.png\",\"width\":205,\"height\":81,\"caption\":\"Kingisalong\"},\"image\":{\"@id\":\"https:\/\/www.kingisalong.ee\/#\/schema\/logo\/image\/\"}}]}<\/script>\n<!-- \/ Yoast SEO plugin. -->","yoast_head_json":{"title":"Cork wallet for women, red - Kingisalong","description":"An environmentally friendly and practical choice. The wallet has 12 card pockets, 1 paper money pockets, and 1 zippered coin pocket. Closable by press stud.","robots":{"index":"index","follow":"follow","max-snippet":"max-snippet:-1","max-image-preview":"max-image-preview:large","max-video-preview":"max-video-preview:-1"},"canonical":"https:\/\/www.kingisalong.ee\/product\/korgist-rahakott-naistele-punane\/","og_locale":"en_US","og_type":"article","og_title":"Cork wallet for women, red - Kingisalong","og_description":"An environmentally friendly and practical choice. The wallet has 12 card pockets, 1 paper money pockets, and 1 zippered coin pocket. Closable by press stud.","og_url":"https:\/\/www.kingisalong.ee\/product\/korgist-rahakott-naistele-punane\/","og_site_name":"Kingisalong","article_modified_time":"2022-02-05T12:31:38+00:00","og_image":[{"width":600,"height":600,"url":"https:\/\/www.kingisalong.ee\/wp-content\/uploads\/2020\/01\/Punane-rahakott-t\u00f6\u00f6deldud-v\u00e4hem-punaseks.jpg","type":"image\/jpeg"}],"twitter_card":"summary_large_image","schema":{"@context":"https:\/\/schema.org","@graph":[{"@type":"WebPage","@id":"https:\/\/www.kingisalong.ee\/product\/korgist-rahakott-naistele-punane\/","url":"https:\/\/www.kingisalong.ee\/product\/korgist-rahakott-naistele-punane\/","name":"Cork wallet for women, red - Kingisalong","isPartOf":{"@id":"https:\/\/www.kingisalong.ee\/#website"},"primaryImageOfPage":{"@id":"https:\/\/www.kingisalong.ee\/product\/korgist-rahakott-naistele-punane\/#primaryimage"},"image":{"@id":"https:\/\/www.kingisalong.ee\/product\/korgist-rahakott-naistele-punane\/#primaryimage"},"thumbnailUrl":"https:\/\/www.kingisalong.ee\/wp-content\/uploads\/2020\/01\/Punane-rahakott-t\u00f6\u00f6deldud-v\u00e4hem-punaseks.jpg","datePublished":"2020-01-26T17:57:16+00:00","dateModified":"2022-02-05T12:31:38+00:00","description":"An environmentally friendly and practical choice. The wallet has 12 card pockets, 1 paper money pockets, and 1 zippered coin pocket. Closable by press stud.","breadcrumb":{"@id":"https:\/\/www.kingisalong.ee\/product\/korgist-rahakott-naistele-punane\/#breadcrumb"},"inLanguage":"en-US","potentialAction":[{"@type":"ReadAction","target":["https:\/\/www.kingisalong.ee\/product\/korgist-rahakott-naistele-punane\/"]}]},{"@type":"ImageObject","inLanguage":"en-US","@id":"https:\/\/www.kingisalong.ee\/product\/korgist-rahakott-naistele-punane\/#primaryimage","url":"https:\/\/www.kingisalong.ee\/wp-content\/uploads\/2020\/01\/Punane-rahakott-t\u00f6\u00f6deldud-v\u00e4hem-punaseks.jpg","contentUrl":"https:\/\/www.kingisalong.ee\/wp-content\/uploads\/2020\/01\/Punane-rahakott-t\u00f6\u00f6deldud-v\u00e4hem-punaseks.jpg","width":600,"height":600},{"@type":"BreadcrumbList","@id":"https:\/\/www.kingisalong.ee\/product\/korgist-rahakott-naistele-punane\/#breadcrumb","itemListElement":[{"@type":"ListItem","position":1,"name":"Home","item":"https:\/\/www.kingisalong.ee\/en\/"},{"@type":"ListItem","position":2,"name":"Shop","item":"https:\/\/www.kingisalong.ee\/en\/shop\/"},{"@type":"ListItem","position":3,"name":"Cork wallet for women (red)"}]},{"@type":"WebSite","@id":"https:\/\/www.kingisalong.ee\/#website","url":"https:\/\/www.kingisalong.ee\/","name":"Kingisalong","description":"Kingisalong","publisher":{"@id":"https:\/\/www.kingisalong.ee\/#organization"},"potentialAction":[{"@type":"SearchAction","target":{"@type":"EntryPoint","urlTemplate":"https:\/\/www.kingisalong.ee\/?s={search_term_string}"},"query-input":{"@type":"PropertyValueSpecification","valueRequired":true,"valueName":"search_term_string"}}],"inLanguage":"en-US"},{"@type":"Organization","@id":"https:\/\/www.kingisalong.ee\/#organization","name":"Kingisalong","url":"https:\/\/www.kingisalong.ee\/","logo":{"@type":"ImageObject","inLanguage":"en-US","@id":"https:\/\/www.kingisalong.ee\/#\/schema\/logo\/image\/","url":"https:\/\/www.kingisalong.ee\/wp-content\/uploads\/2020\/07\/kingisalong-logo-valge-205.png","contentUrl":"https:\/\/www.kingisalong.ee\/wp-content\/uploads\/2020\/07\/kingisalong-logo-valge-205.png","width":205,"height":81,"caption":"Kingisalong"},"image":{"@id":"https:\/\/www.kingisalong.ee\/#\/schema\/logo\/image\/"}}]}},"_links":{"self":[{"href":"https:\/\/www.kingisalong.ee\/en\/wp-json\/wp\/v2\/product\/2139","targetHints":{"allow":["GET"]}}],"collection":[{"href":"https:\/\/www.kingisalong.ee\/en\/wp-json\/wp\/v2\/product"}],"about":[{"href":"https:\/\/www.kingisalong.ee\/en\/wp-json\/wp\/v2\/types\/product"}],"wp:featuredmedia":[{"embeddable":true,"href":"https:\/\/www.kingisalong.ee\/en\/wp-json\/wp\/v2\/media\/4738"}],"wp:attachment":[{"href":"https:\/\/www.kingisalong.ee\/en\/wp-json\/wp\/v2\/media?parent=2139"}],"wp:term":[{"taxonomy":"product_cat","embeddable":true,"href":"https:\/\/www.kingisalong.ee\/en\/wp-json\/wp\/v2\/product_cat?post=2139"},{"taxonomy":"product_tag","embeddable":true,"href":"https:\/\/www.kingisalong.ee\/en\/wp-json\/wp\/v2\/product_tag?post=2139"}],"curies":[{"name":"wp","href":"https:\/\/api.w.org\/{rel}","templated":true}]}}