{"id":3881,"date":"2020-09-08T18:05:00","date_gmt":"2020-09-08T15:05:00","guid":{"rendered":"https:\/\/www.kingisalong.ee\/toode\/walnut-wood-spiral-bracelet\/"},"modified":"2025-12-12T20:19:12","modified_gmt":"2025-12-12T18:19:12","slug":"walnut-wood-spiral-bracelet","status":"publish","type":"product","link":"https:\/\/www.kingisalong.ee\/en\/product\/walnut-wood-spiral-bracelet\/","title":{"rendered":"Walnut wood spiral bracelet"},"content":{"rendered":"","protected":false},"excerpt":{"rendered":"<p><strong>The spiral bracelet made of natural wood<\/strong> is meant for women who appreciate the appearance of natural wood and dare to stand out. The bracelet is suitable to wear to work as well as to an evening event.<\/p>\n<p>The bracelet is made by hand using Walnut wood veneer. The bracelet is finished with high quality natural oil wax.<\/p>\n<p>Inner diameter of the bracelet is about 6 cm.<br \/>\nAs the wood is a natural material, the look may differ from the picture. There can be differences in color tone and structure.<\/p>\n<p>You can add a personal engraving to the bracelet.<\/p>\n<p><strong>Author series\/author: <\/strong>Einar Elbing<\/p>\n<p>The designer and producer of wooden Jewellery is Einar Elbing.<\/p>\n<p>The jewellery is <strong>handmade <\/strong>and about <strong>80% of the products<\/strong> are made from <strong>production residues<\/strong>. Environmental friendliness and high-quality materials are considered a priority in the production of articles. The products are made of <strong>natural wood veneer<\/strong> and covered with natural and <strong>skin-friendly oil wax<\/strong>, which is specially meant for precious wood. Oil wax penetrates deep into the wood and brings out the unique pattern and beauty of the wood grain. The surface of the Jewellery is well protected from varios factors of the external environment. The color and texture of the wood is different for each product, as it is the <strong>natural color<\/strong> and <strong>pattern<\/strong> of the wood.<\/p>\n<p>SuPuu\/ Environmentally friendly Estonian Jewelry design<\/p>\n","protected":false},"featured_media":3852,"template":"","meta":{"_acf_changed":false},"product_cat":[267],"product_tag":[338,317],"class_list":{"0":"post-3881","1":"product","2":"type-product","3":"status-publish","4":"has-post-thumbnail","6":"product_cat-wooden-en","7":"product_tag-brown","8":"product_tag-walnut-en-2","9":"receiver-for-a-woman","10":"occasion-anniversary","11":"occasion-birthday","12":"occasion-christmas","13":"occasion-graduation","14":"occasion-mothers-day","15":"occasion-valentines-day","16":"occasion-work-anniversary","17":"tm-has-options","19":"first","20":"onbackorder","21":"taxable","22":"shipping-taxable","23":"purchasable","24":"product-type-simple"},"acf":[],"yoast_head":"<!-- This site is optimized with the Yoast SEO plugin v24.1 - https:\/\/yoast.com\/wordpress\/plugins\/seo\/ -->\n<title>Walnut wood spiral bracelet - Kingisalong<\/title>\n<meta name=\"description\" content=\"The bracelet is made by hand using Walnut wood veneer. The bracelet is finished with high quality natural oil wax.\" \/>\n<meta name=\"robots\" content=\"index, follow, max-snippet:-1, max-image-preview:large, max-video-preview:-1\" \/>\n<link rel=\"canonical\" href=\"https:\/\/www.kingisalong.ee\/en\/product\/walnut-wood-spiral-bracelet\/\" \/>\n<meta property=\"og:locale\" content=\"en_US\" \/>\n<meta property=\"og:type\" content=\"article\" \/>\n<meta property=\"og:title\" content=\"Walnut wood spiral bracelet - Kingisalong\" \/>\n<meta property=\"og:description\" content=\"The bracelet is made by hand using Walnut wood veneer. The bracelet is finished with high quality natural oil wax.\" \/>\n<meta property=\"og:url\" content=\"https:\/\/www.kingisalong.ee\/en\/product\/walnut-wood-spiral-bracelet\/\" \/>\n<meta property=\"og:site_name\" content=\"Kingisalong\" \/>\n<meta property=\"article:modified_time\" content=\"2025-12-12T18:19:12+00:00\" \/>\n<meta property=\"og:image\" content=\"https:\/\/www.kingisalong.ee\/wp-content\/uploads\/2020\/09\/20200821_KSA0040_k\u00e4ev\u00f5ru-p\u00e4hkel_600x600_v03.png\" \/>\n\t<meta property=\"og:image:width\" content=\"600\" \/>\n\t<meta property=\"og:image:height\" content=\"600\" \/>\n\t<meta property=\"og:image:type\" content=\"image\/png\" \/>\n<meta name=\"twitter:card\" content=\"summary_large_image\" \/>\n<script type=\"application\/ld+json\" class=\"yoast-schema-graph\">{\"@context\":\"https:\/\/schema.org\",\"@graph\":[{\"@type\":\"WebPage\",\"@id\":\"https:\/\/www.kingisalong.ee\/en\/product\/walnut-wood-spiral-bracelet\/\",\"url\":\"https:\/\/www.kingisalong.ee\/en\/product\/walnut-wood-spiral-bracelet\/\",\"name\":\"Walnut wood spiral bracelet - Kingisalong\",\"isPartOf\":{\"@id\":\"https:\/\/www.kingisalong.ee\/#website\"},\"primaryImageOfPage\":{\"@id\":\"https:\/\/www.kingisalong.ee\/en\/product\/walnut-wood-spiral-bracelet\/#primaryimage\"},\"image\":{\"@id\":\"https:\/\/www.kingisalong.ee\/en\/product\/walnut-wood-spiral-bracelet\/#primaryimage\"},\"thumbnailUrl\":\"https:\/\/www.kingisalong.ee\/wp-content\/uploads\/2020\/09\/20200821_KSA0040_k\u00e4ev\u00f5ru-p\u00e4hkel_600x600_v03.png\",\"datePublished\":\"2020-09-08T15:05:00+00:00\",\"dateModified\":\"2025-12-12T18:19:12+00:00\",\"description\":\"The bracelet is made by hand using Walnut wood veneer. The bracelet is finished with high quality natural oil wax.\",\"breadcrumb\":{\"@id\":\"https:\/\/www.kingisalong.ee\/en\/product\/walnut-wood-spiral-bracelet\/#breadcrumb\"},\"inLanguage\":\"en-US\",\"potentialAction\":[{\"@type\":\"ReadAction\",\"target\":[\"https:\/\/www.kingisalong.ee\/en\/product\/walnut-wood-spiral-bracelet\/\"]}]},{\"@type\":\"ImageObject\",\"inLanguage\":\"en-US\",\"@id\":\"https:\/\/www.kingisalong.ee\/en\/product\/walnut-wood-spiral-bracelet\/#primaryimage\",\"url\":\"https:\/\/www.kingisalong.ee\/wp-content\/uploads\/2020\/09\/20200821_KSA0040_k\u00e4ev\u00f5ru-p\u00e4hkel_600x600_v03.png\",\"contentUrl\":\"https:\/\/www.kingisalong.ee\/wp-content\/uploads\/2020\/09\/20200821_KSA0040_k\u00e4ev\u00f5ru-p\u00e4hkel_600x600_v03.png\",\"width\":600,\"height\":600},{\"@type\":\"BreadcrumbList\",\"@id\":\"https:\/\/www.kingisalong.ee\/en\/product\/walnut-wood-spiral-bracelet\/#breadcrumb\",\"itemListElement\":[{\"@type\":\"ListItem\",\"position\":1,\"name\":\"Home\",\"item\":\"https:\/\/www.kingisalong.ee\/en\/\"},{\"@type\":\"ListItem\",\"position\":2,\"name\":\"Shop\",\"item\":\"https:\/\/www.kingisalong.ee\/en\/shop\/\"},{\"@type\":\"ListItem\",\"position\":3,\"name\":\"Walnut wood spiral bracelet\"}]},{\"@type\":\"WebSite\",\"@id\":\"https:\/\/www.kingisalong.ee\/#website\",\"url\":\"https:\/\/www.kingisalong.ee\/\",\"name\":\"Kingisalong\",\"description\":\"Kingisalong\",\"publisher\":{\"@id\":\"https:\/\/www.kingisalong.ee\/#organization\"},\"potentialAction\":[{\"@type\":\"SearchAction\",\"target\":{\"@type\":\"EntryPoint\",\"urlTemplate\":\"https:\/\/www.kingisalong.ee\/?s={search_term_string}\"},\"query-input\":{\"@type\":\"PropertyValueSpecification\",\"valueRequired\":true,\"valueName\":\"search_term_string\"}}],\"inLanguage\":\"en-US\"},{\"@type\":\"Organization\",\"@id\":\"https:\/\/www.kingisalong.ee\/#organization\",\"name\":\"Kingisalong\",\"url\":\"https:\/\/www.kingisalong.ee\/\",\"logo\":{\"@type\":\"ImageObject\",\"inLanguage\":\"en-US\",\"@id\":\"https:\/\/www.kingisalong.ee\/#\/schema\/logo\/image\/\",\"url\":\"https:\/\/www.kingisalong.ee\/wp-content\/uploads\/2020\/07\/kingisalong-logo-valge-205.png\",\"contentUrl\":\"https:\/\/www.kingisalong.ee\/wp-content\/uploads\/2020\/07\/kingisalong-logo-valge-205.png\",\"width\":205,\"height\":81,\"caption\":\"Kingisalong\"},\"image\":{\"@id\":\"https:\/\/www.kingisalong.ee\/#\/schema\/logo\/image\/\"}}]}<\/script>\n<!-- \/ Yoast SEO plugin. -->","yoast_head_json":{"title":"Walnut wood spiral bracelet - Kingisalong","description":"The bracelet is made by hand using Walnut wood veneer. The bracelet is finished with high quality natural oil wax.","robots":{"index":"index","follow":"follow","max-snippet":"max-snippet:-1","max-image-preview":"max-image-preview:large","max-video-preview":"max-video-preview:-1"},"canonical":"https:\/\/www.kingisalong.ee\/en\/product\/walnut-wood-spiral-bracelet\/","og_locale":"en_US","og_type":"article","og_title":"Walnut wood spiral bracelet - Kingisalong","og_description":"The bracelet is made by hand using Walnut wood veneer. The bracelet is finished with high quality natural oil wax.","og_url":"https:\/\/www.kingisalong.ee\/en\/product\/walnut-wood-spiral-bracelet\/","og_site_name":"Kingisalong","article_modified_time":"2025-12-12T18:19:12+00:00","og_image":[{"width":600,"height":600,"url":"https:\/\/www.kingisalong.ee\/wp-content\/uploads\/2020\/09\/20200821_KSA0040_k\u00e4ev\u00f5ru-p\u00e4hkel_600x600_v03.png","type":"image\/png"}],"twitter_card":"summary_large_image","schema":{"@context":"https:\/\/schema.org","@graph":[{"@type":"WebPage","@id":"https:\/\/www.kingisalong.ee\/en\/product\/walnut-wood-spiral-bracelet\/","url":"https:\/\/www.kingisalong.ee\/en\/product\/walnut-wood-spiral-bracelet\/","name":"Walnut wood spiral bracelet - Kingisalong","isPartOf":{"@id":"https:\/\/www.kingisalong.ee\/#website"},"primaryImageOfPage":{"@id":"https:\/\/www.kingisalong.ee\/en\/product\/walnut-wood-spiral-bracelet\/#primaryimage"},"image":{"@id":"https:\/\/www.kingisalong.ee\/en\/product\/walnut-wood-spiral-bracelet\/#primaryimage"},"thumbnailUrl":"https:\/\/www.kingisalong.ee\/wp-content\/uploads\/2020\/09\/20200821_KSA0040_k\u00e4ev\u00f5ru-p\u00e4hkel_600x600_v03.png","datePublished":"2020-09-08T15:05:00+00:00","dateModified":"2025-12-12T18:19:12+00:00","description":"The bracelet is made by hand using Walnut wood veneer. The bracelet is finished with high quality natural oil wax.","breadcrumb":{"@id":"https:\/\/www.kingisalong.ee\/en\/product\/walnut-wood-spiral-bracelet\/#breadcrumb"},"inLanguage":"en-US","potentialAction":[{"@type":"ReadAction","target":["https:\/\/www.kingisalong.ee\/en\/product\/walnut-wood-spiral-bracelet\/"]}]},{"@type":"ImageObject","inLanguage":"en-US","@id":"https:\/\/www.kingisalong.ee\/en\/product\/walnut-wood-spiral-bracelet\/#primaryimage","url":"https:\/\/www.kingisalong.ee\/wp-content\/uploads\/2020\/09\/20200821_KSA0040_k\u00e4ev\u00f5ru-p\u00e4hkel_600x600_v03.png","contentUrl":"https:\/\/www.kingisalong.ee\/wp-content\/uploads\/2020\/09\/20200821_KSA0040_k\u00e4ev\u00f5ru-p\u00e4hkel_600x600_v03.png","width":600,"height":600},{"@type":"BreadcrumbList","@id":"https:\/\/www.kingisalong.ee\/en\/product\/walnut-wood-spiral-bracelet\/#breadcrumb","itemListElement":[{"@type":"ListItem","position":1,"name":"Home","item":"https:\/\/www.kingisalong.ee\/en\/"},{"@type":"ListItem","position":2,"name":"Shop","item":"https:\/\/www.kingisalong.ee\/en\/shop\/"},{"@type":"ListItem","position":3,"name":"Walnut wood spiral bracelet"}]},{"@type":"WebSite","@id":"https:\/\/www.kingisalong.ee\/#website","url":"https:\/\/www.kingisalong.ee\/","name":"Kingisalong","description":"Kingisalong","publisher":{"@id":"https:\/\/www.kingisalong.ee\/#organization"},"potentialAction":[{"@type":"SearchAction","target":{"@type":"EntryPoint","urlTemplate":"https:\/\/www.kingisalong.ee\/?s={search_term_string}"},"query-input":{"@type":"PropertyValueSpecification","valueRequired":true,"valueName":"search_term_string"}}],"inLanguage":"en-US"},{"@type":"Organization","@id":"https:\/\/www.kingisalong.ee\/#organization","name":"Kingisalong","url":"https:\/\/www.kingisalong.ee\/","logo":{"@type":"ImageObject","inLanguage":"en-US","@id":"https:\/\/www.kingisalong.ee\/#\/schema\/logo\/image\/","url":"https:\/\/www.kingisalong.ee\/wp-content\/uploads\/2020\/07\/kingisalong-logo-valge-205.png","contentUrl":"https:\/\/www.kingisalong.ee\/wp-content\/uploads\/2020\/07\/kingisalong-logo-valge-205.png","width":205,"height":81,"caption":"Kingisalong"},"image":{"@id":"https:\/\/www.kingisalong.ee\/#\/schema\/logo\/image\/"}}]}},"_links":{"self":[{"href":"https:\/\/www.kingisalong.ee\/en\/wp-json\/wp\/v2\/product\/3881","targetHints":{"allow":["GET"]}}],"collection":[{"href":"https:\/\/www.kingisalong.ee\/en\/wp-json\/wp\/v2\/product"}],"about":[{"href":"https:\/\/www.kingisalong.ee\/en\/wp-json\/wp\/v2\/types\/product"}],"wp:featuredmedia":[{"embeddable":true,"href":"https:\/\/www.kingisalong.ee\/en\/wp-json\/wp\/v2\/media\/3852"}],"wp:attachment":[{"href":"https:\/\/www.kingisalong.ee\/en\/wp-json\/wp\/v2\/media?parent=3881"}],"wp:term":[{"taxonomy":"product_cat","embeddable":true,"href":"https:\/\/www.kingisalong.ee\/en\/wp-json\/wp\/v2\/product_cat?post=3881"},{"taxonomy":"product_tag","embeddable":true,"href":"https:\/\/www.kingisalong.ee\/en\/wp-json\/wp\/v2\/product_tag?post=3881"}],"curies":[{"name":"wp","href":"https:\/\/api.w.org\/{rel}","templated":true}]}}