{"id":6210,"date":"2021-11-28T20:05:50","date_gmt":"2021-11-28T18:14:33","guid":{"rendered":"https:\/\/www.kingisalong.ee\/?post_type=product&#038;p=6210"},"modified":"2023-08-13T16:36:50","modified_gmt":"2023-08-13T13:36:50","slug":"cups-of-mulled-wine-2-pcs-150-ml","status":"publish","type":"product","link":"https:\/\/www.kingisalong.ee\/en\/product\/cups-of-mulled-wine-2-pcs-150-ml\/","title":{"rendered":"Mulled wine cups, 2-pcs (150 ml)"},"content":{"rendered":"","protected":false},"excerpt":{"rendered":"<p><strong>Mulled wine cups <\/strong>have a beautiful classic design and are perfect for the introduction of a Christmas Eve. The cups are also suitable for serving luxurious coffee.<\/p>\n<p>Material: heat-resistant glass<\/p>\n<p>Size: 150 ml<\/p>\n<p>Dimensions: h=7 cm, \u00d8 7 cm<\/p>\n<p>Dishwasher safe<\/p>\n","protected":false},"featured_media":6212,"template":"","meta":{"_acf_changed":false},"product_cat":[41],"product_tag":[],"class_list":{"0":"post-6210","1":"product","2":"type-product","3":"status-publish","4":"has-post-thumbnail","6":"product_cat-home","7":"receiver-for-a-couple","8":"receiver-for-a-man","9":"receiver-for-a-woman","10":"occasion-anniversary","11":"occasion-birthday","12":"occasion-christmas","13":"occasion-company-anniversary","14":"occasion-fathers-day","15":"occasion-graduation","16":"occasion-mothers-day","17":"occasion-valentines-day","18":"occasion-wedding","19":"occasion-work-anniversary","20":"tm-has-options","22":"first","23":"instock","24":"taxable","25":"shipping-taxable","26":"purchasable","27":"product-type-simple"},"acf":[],"yoast_head":"<!-- This site is optimized with the Yoast SEO plugin v24.1 - https:\/\/yoast.com\/wordpress\/plugins\/seo\/ -->\n<title>Mulled wine cups, 2-pcs (150 ml) - Kingisalong<\/title>\n<meta name=\"description\" content=\"Mulled wine cups have a beautiful classic design and are perfect for the introduction of a Christmas Eve. The cups are also suitable for serving luxurious coffee.\" \/>\n<meta name=\"robots\" content=\"index, follow, max-snippet:-1, max-image-preview:large, max-video-preview:-1\" \/>\n<link rel=\"canonical\" href=\"https:\/\/www.kingisalong.ee\/product\/hoogveinitassid-2-tk-150-ml\/\" \/>\n<meta property=\"og:locale\" content=\"en_US\" \/>\n<meta property=\"og:type\" content=\"article\" \/>\n<meta property=\"og:title\" content=\"Mulled wine cups, 2-pcs (150 ml) - Kingisalong\" \/>\n<meta property=\"og:description\" content=\"Mulled wine cups have a beautiful classic design and are perfect for the introduction of a Christmas Eve. The cups are also suitable for serving luxurious coffee.\" \/>\n<meta property=\"og:url\" content=\"https:\/\/www.kingisalong.ee\/product\/hoogveinitassid-2-tk-150-ml\/\" \/>\n<meta property=\"og:site_name\" content=\"Kingisalong\" \/>\n<meta property=\"article:modified_time\" content=\"2023-08-13T13:36:50+00:00\" \/>\n<meta property=\"og:image\" content=\"https:\/\/www.kingisalong.ee\/wp-content\/uploads\/2021\/11\/h\u00f5\u00f5veini-tassid-h\u00f5\u00f5gveiniga-600_x_600_pixel.jpg\" \/>\n\t<meta property=\"og:image:width\" content=\"600\" \/>\n\t<meta property=\"og:image:height\" content=\"600\" \/>\n\t<meta property=\"og:image:type\" content=\"image\/jpeg\" \/>\n<meta name=\"twitter:card\" content=\"summary_large_image\" \/>\n<script type=\"application\/ld+json\" class=\"yoast-schema-graph\">{\"@context\":\"https:\/\/schema.org\",\"@graph\":[{\"@type\":\"WebPage\",\"@id\":\"https:\/\/www.kingisalong.ee\/product\/hoogveinitassid-2-tk-150-ml\/\",\"url\":\"https:\/\/www.kingisalong.ee\/product\/hoogveinitassid-2-tk-150-ml\/\",\"name\":\"Mulled wine cups, 2-pcs (150 ml) - Kingisalong\",\"isPartOf\":{\"@id\":\"https:\/\/www.kingisalong.ee\/#website\"},\"primaryImageOfPage\":{\"@id\":\"https:\/\/www.kingisalong.ee\/product\/hoogveinitassid-2-tk-150-ml\/#primaryimage\"},\"image\":{\"@id\":\"https:\/\/www.kingisalong.ee\/product\/hoogveinitassid-2-tk-150-ml\/#primaryimage\"},\"thumbnailUrl\":\"https:\/\/www.kingisalong.ee\/wp-content\/uploads\/2021\/11\/h\u00f5\u00f5veini-tassid-h\u00f5\u00f5gveiniga-600_x_600_pixel.jpg\",\"datePublished\":\"2021-11-28T18:14:33+00:00\",\"dateModified\":\"2023-08-13T13:36:50+00:00\",\"description\":\"Mulled wine cups have a beautiful classic design and are perfect for the introduction of a Christmas Eve. The cups are also suitable for serving luxurious coffee.\",\"breadcrumb\":{\"@id\":\"https:\/\/www.kingisalong.ee\/product\/hoogveinitassid-2-tk-150-ml\/#breadcrumb\"},\"inLanguage\":\"en-US\",\"potentialAction\":[{\"@type\":\"ReadAction\",\"target\":[\"https:\/\/www.kingisalong.ee\/product\/hoogveinitassid-2-tk-150-ml\/\"]}]},{\"@type\":\"ImageObject\",\"inLanguage\":\"en-US\",\"@id\":\"https:\/\/www.kingisalong.ee\/product\/hoogveinitassid-2-tk-150-ml\/#primaryimage\",\"url\":\"https:\/\/www.kingisalong.ee\/wp-content\/uploads\/2021\/11\/h\u00f5\u00f5veini-tassid-h\u00f5\u00f5gveiniga-600_x_600_pixel.jpg\",\"contentUrl\":\"https:\/\/www.kingisalong.ee\/wp-content\/uploads\/2021\/11\/h\u00f5\u00f5veini-tassid-h\u00f5\u00f5gveiniga-600_x_600_pixel.jpg\",\"width\":600,\"height\":600},{\"@type\":\"BreadcrumbList\",\"@id\":\"https:\/\/www.kingisalong.ee\/product\/hoogveinitassid-2-tk-150-ml\/#breadcrumb\",\"itemListElement\":[{\"@type\":\"ListItem\",\"position\":1,\"name\":\"Home\",\"item\":\"https:\/\/www.kingisalong.ee\/en\/\"},{\"@type\":\"ListItem\",\"position\":2,\"name\":\"Shop\",\"item\":\"https:\/\/www.kingisalong.ee\/en\/shop\/\"},{\"@type\":\"ListItem\",\"position\":3,\"name\":\"Mulled wine cups, 2-pcs (150 ml)\"}]},{\"@type\":\"WebSite\",\"@id\":\"https:\/\/www.kingisalong.ee\/#website\",\"url\":\"https:\/\/www.kingisalong.ee\/\",\"name\":\"Kingisalong\",\"description\":\"Kingisalong\",\"publisher\":{\"@id\":\"https:\/\/www.kingisalong.ee\/#organization\"},\"potentialAction\":[{\"@type\":\"SearchAction\",\"target\":{\"@type\":\"EntryPoint\",\"urlTemplate\":\"https:\/\/www.kingisalong.ee\/?s={search_term_string}\"},\"query-input\":{\"@type\":\"PropertyValueSpecification\",\"valueRequired\":true,\"valueName\":\"search_term_string\"}}],\"inLanguage\":\"en-US\"},{\"@type\":\"Organization\",\"@id\":\"https:\/\/www.kingisalong.ee\/#organization\",\"name\":\"Kingisalong\",\"url\":\"https:\/\/www.kingisalong.ee\/\",\"logo\":{\"@type\":\"ImageObject\",\"inLanguage\":\"en-US\",\"@id\":\"https:\/\/www.kingisalong.ee\/#\/schema\/logo\/image\/\",\"url\":\"https:\/\/www.kingisalong.ee\/wp-content\/uploads\/2020\/07\/kingisalong-logo-valge-205.png\",\"contentUrl\":\"https:\/\/www.kingisalong.ee\/wp-content\/uploads\/2020\/07\/kingisalong-logo-valge-205.png\",\"width\":205,\"height\":81,\"caption\":\"Kingisalong\"},\"image\":{\"@id\":\"https:\/\/www.kingisalong.ee\/#\/schema\/logo\/image\/\"}}]}<\/script>\n<!-- \/ Yoast SEO plugin. -->","yoast_head_json":{"title":"Mulled wine cups, 2-pcs (150 ml) - Kingisalong","description":"Mulled wine cups have a beautiful classic design and are perfect for the introduction of a Christmas Eve. The cups are also suitable for serving luxurious coffee.","robots":{"index":"index","follow":"follow","max-snippet":"max-snippet:-1","max-image-preview":"max-image-preview:large","max-video-preview":"max-video-preview:-1"},"canonical":"https:\/\/www.kingisalong.ee\/product\/hoogveinitassid-2-tk-150-ml\/","og_locale":"en_US","og_type":"article","og_title":"Mulled wine cups, 2-pcs (150 ml) - Kingisalong","og_description":"Mulled wine cups have a beautiful classic design and are perfect for the introduction of a Christmas Eve. The cups are also suitable for serving luxurious coffee.","og_url":"https:\/\/www.kingisalong.ee\/product\/hoogveinitassid-2-tk-150-ml\/","og_site_name":"Kingisalong","article_modified_time":"2023-08-13T13:36:50+00:00","og_image":[{"width":600,"height":600,"url":"https:\/\/www.kingisalong.ee\/wp-content\/uploads\/2021\/11\/h\u00f5\u00f5veini-tassid-h\u00f5\u00f5gveiniga-600_x_600_pixel.jpg","type":"image\/jpeg"}],"twitter_card":"summary_large_image","schema":{"@context":"https:\/\/schema.org","@graph":[{"@type":"WebPage","@id":"https:\/\/www.kingisalong.ee\/product\/hoogveinitassid-2-tk-150-ml\/","url":"https:\/\/www.kingisalong.ee\/product\/hoogveinitassid-2-tk-150-ml\/","name":"Mulled wine cups, 2-pcs (150 ml) - Kingisalong","isPartOf":{"@id":"https:\/\/www.kingisalong.ee\/#website"},"primaryImageOfPage":{"@id":"https:\/\/www.kingisalong.ee\/product\/hoogveinitassid-2-tk-150-ml\/#primaryimage"},"image":{"@id":"https:\/\/www.kingisalong.ee\/product\/hoogveinitassid-2-tk-150-ml\/#primaryimage"},"thumbnailUrl":"https:\/\/www.kingisalong.ee\/wp-content\/uploads\/2021\/11\/h\u00f5\u00f5veini-tassid-h\u00f5\u00f5gveiniga-600_x_600_pixel.jpg","datePublished":"2021-11-28T18:14:33+00:00","dateModified":"2023-08-13T13:36:50+00:00","description":"Mulled wine cups have a beautiful classic design and are perfect for the introduction of a Christmas Eve. The cups are also suitable for serving luxurious coffee.","breadcrumb":{"@id":"https:\/\/www.kingisalong.ee\/product\/hoogveinitassid-2-tk-150-ml\/#breadcrumb"},"inLanguage":"en-US","potentialAction":[{"@type":"ReadAction","target":["https:\/\/www.kingisalong.ee\/product\/hoogveinitassid-2-tk-150-ml\/"]}]},{"@type":"ImageObject","inLanguage":"en-US","@id":"https:\/\/www.kingisalong.ee\/product\/hoogveinitassid-2-tk-150-ml\/#primaryimage","url":"https:\/\/www.kingisalong.ee\/wp-content\/uploads\/2021\/11\/h\u00f5\u00f5veini-tassid-h\u00f5\u00f5gveiniga-600_x_600_pixel.jpg","contentUrl":"https:\/\/www.kingisalong.ee\/wp-content\/uploads\/2021\/11\/h\u00f5\u00f5veini-tassid-h\u00f5\u00f5gveiniga-600_x_600_pixel.jpg","width":600,"height":600},{"@type":"BreadcrumbList","@id":"https:\/\/www.kingisalong.ee\/product\/hoogveinitassid-2-tk-150-ml\/#breadcrumb","itemListElement":[{"@type":"ListItem","position":1,"name":"Home","item":"https:\/\/www.kingisalong.ee\/en\/"},{"@type":"ListItem","position":2,"name":"Shop","item":"https:\/\/www.kingisalong.ee\/en\/shop\/"},{"@type":"ListItem","position":3,"name":"Mulled wine cups, 2-pcs (150 ml)"}]},{"@type":"WebSite","@id":"https:\/\/www.kingisalong.ee\/#website","url":"https:\/\/www.kingisalong.ee\/","name":"Kingisalong","description":"Kingisalong","publisher":{"@id":"https:\/\/www.kingisalong.ee\/#organization"},"potentialAction":[{"@type":"SearchAction","target":{"@type":"EntryPoint","urlTemplate":"https:\/\/www.kingisalong.ee\/?s={search_term_string}"},"query-input":{"@type":"PropertyValueSpecification","valueRequired":true,"valueName":"search_term_string"}}],"inLanguage":"en-US"},{"@type":"Organization","@id":"https:\/\/www.kingisalong.ee\/#organization","name":"Kingisalong","url":"https:\/\/www.kingisalong.ee\/","logo":{"@type":"ImageObject","inLanguage":"en-US","@id":"https:\/\/www.kingisalong.ee\/#\/schema\/logo\/image\/","url":"https:\/\/www.kingisalong.ee\/wp-content\/uploads\/2020\/07\/kingisalong-logo-valge-205.png","contentUrl":"https:\/\/www.kingisalong.ee\/wp-content\/uploads\/2020\/07\/kingisalong-logo-valge-205.png","width":205,"height":81,"caption":"Kingisalong"},"image":{"@id":"https:\/\/www.kingisalong.ee\/#\/schema\/logo\/image\/"}}]}},"_links":{"self":[{"href":"https:\/\/www.kingisalong.ee\/en\/wp-json\/wp\/v2\/product\/6210","targetHints":{"allow":["GET"]}}],"collection":[{"href":"https:\/\/www.kingisalong.ee\/en\/wp-json\/wp\/v2\/product"}],"about":[{"href":"https:\/\/www.kingisalong.ee\/en\/wp-json\/wp\/v2\/types\/product"}],"wp:featuredmedia":[{"embeddable":true,"href":"https:\/\/www.kingisalong.ee\/en\/wp-json\/wp\/v2\/media\/6212"}],"wp:attachment":[{"href":"https:\/\/www.kingisalong.ee\/en\/wp-json\/wp\/v2\/media?parent=6210"}],"wp:term":[{"taxonomy":"product_cat","embeddable":true,"href":"https:\/\/www.kingisalong.ee\/en\/wp-json\/wp\/v2\/product_cat?post=6210"},{"taxonomy":"product_tag","embeddable":true,"href":"https:\/\/www.kingisalong.ee\/en\/wp-json\/wp\/v2\/product_tag?post=6210"}],"curies":[{"name":"wp","href":"https:\/\/api.w.org\/{rel}","templated":true}]}}